{"id":19,"date":"2025-11-30T17:21:06","date_gmt":"2025-11-30T17:21:06","guid":{"rendered":"https:\/\/www.bunt.rs\/bt13\/?page_id=19"},"modified":"2025-11-30T17:21:50","modified_gmt":"2025-11-30T17:21:50","slug":"manifest","status":"publish","type":"page","link":"https:\/\/www.bunt.rs\/bt13\/?page_id=19","title":{"rendered":"Manifest"},"content":{"rendered":"\n<p>Napisao sam manifest BUNTa. Poslao sam najbli\u017eim prijateljima na mi\u0161ljenje. Jedna od poruka je bila apsolutna istina:<\/p>\n\n\n\n<p><em>\u201cPa ne znam, to nije sada\u0161nja situacija, to ponavlja\u0161 ve\u0107 13 godina. A sada\u0161nja situacija je mnogo, mnogo gora.\u201d<\/em><\/p>\n\n\n\n<p>Zato samo ovo:<\/p>\n\n\n\n<ul class=\"wp-block-list\">\n<li>BUNT nastavlja da \u017eivi.<\/li>\n\n\n\n<li>BUNT je i dalje okrenut ka osetljivim grupama u publici i na sceni. BUNT \u010duva uspomenu na predivne ljude poput Damjana Dikli\u0107a.<\/li>\n\n\n\n<li>BUNT veruje u umetnost.<\/li>\n\n\n\n<li>BUNT je i dalje nezavisna umetni\u010dka teritorija.<\/li>\n<\/ul>\n\n\n\n<p><\/p>\n\n\n\n<p>Zahvalnost Sini\u0161i, Sne\u0161ki, Ivani, Elvisu, Milanu, Miri, Bogdani, Strahinji, Medi, Nataliji, Mirjani<\/p>\n\n\n\n<p><\/p>\n","protected":false},"excerpt":{"rendered":"<p>Napisao sam manifest BUNTa. Poslao sam najbli\u017eim prijateljima na mi\u0161ljenje. Jedna od poruka je bila apsolutna istina: \u201cPa ne znam, to nije [&hellip;]<\/p>\n","protected":false},"author":1,"featured_media":0,"parent":0,"menu_order":0,"comment_status":"closed","ping_status":"closed","template":"page-templates\/page_fullwidth.php","meta":{"footnotes":""},"class_list":["post-19","page","type-page","status-publish","hentry"],"_links":{"self":[{"href":"https:\/\/www.bunt.rs\/bt13\/index.php?rest_route=\/wp\/v2\/pages\/19","targetHints":{"allow":["GET"]}}],"collection":[{"href":"https:\/\/www.bunt.rs\/bt13\/index.php?rest_route=\/wp\/v2\/pages"}],"about":[{"href":"https:\/\/www.bunt.rs\/bt13\/index.php?rest_route=\/wp\/v2\/types\/page"}],"author":[{"embeddable":true,"href":"https:\/\/www.bunt.rs\/bt13\/index.php?rest_route=\/wp\/v2\/users\/1"}],"replies":[{"embeddable":true,"href":"https:\/\/www.bunt.rs\/bt13\/index.php?rest_route=%2Fwp%2Fv2%2Fcomments&post=19"}],"version-history":[{"count":1,"href":"https:\/\/www.bunt.rs\/bt13\/index.php?rest_route=\/wp\/v2\/pages\/19\/revisions"}],"predecessor-version":[{"id":20,"href":"https:\/\/www.bunt.rs\/bt13\/index.php?rest_route=\/wp\/v2\/pages\/19\/revisions\/20"}],"wp:attachment":[{"href":"https:\/\/www.bunt.rs\/bt13\/index.php?rest_route=%2Fwp%2Fv2%2Fmedia&parent=19"}],"curies":[{"name":"wp","href":"https:\/\/api.w.org\/{rel}","templated":true}]}}